{"id":45,"date":"2024-02-23T23:50:39","date_gmt":"2024-02-23T22:50:39","guid":{"rendered":"https:\/\/440hz.se\/wordpress\/index.php\/tidsbokning\/"},"modified":"2024-03-07T22:09:09","modified_gmt":"2024-03-07T21:09:09","slug":"tidsbokning","status":"publish","type":"page","link":"https:\/\/440hz.se\/wordpress\/index.php\/tidsbokning\/","title":{"rendered":"Tidsbokning"},"content":{"rendered":"\n<p>En st\u00e4mning tar vanligtvis tv\u00e5 timmar. \u00c4r det l\u00e4nge sedan pianot st\u00e4mdes senast kan det kr\u00e4va en tonh\u00f6jdsjustering d\u00e5 det ofta sjunkit n\u00e5got med \u00e5ren.<\/p>\n\n\n\n<p>Vi fixar sm\u00e5fel och justeringar utan extra kostnad och ber\u00e4ttar g\u00e4rna vad som kan g\u00f6ras f\u00f6r att instrumentet ska bli s\u00e5 njutbart som m\u00f6jligt att spela p\u00e5. Ett pianos mekanik b\u00f6r justeras regelbudndet och man kan oftast med ganska sm\u00e5 medel g\u00f6ra en stor skillnad. <\/p>\n\n\n\n<p>Fast pris f\u00f6r st\u00e4mning \u00e4r 1900kr inkl. moms och resa inom Storstockholm.<\/p>\n\n\n\n<p>Genomg\u00e5ng och \u00e5terkommande justering av mekanik 1100kr.<\/p>\n\n\n\n<p>Service och reparationer p\u00e5 offert.<\/p>\n\n\n <div id=\"form_id149318835372\"  class=\"wpbc_container wpbc_form wpbc_container_booking_form  \" ><form  id=\"booking_form1\"   class=\"booking_form vertical\" method=\"post\" action=\"\"><div id=\"ajax_respond_insert1\" class=\"ajax_respond_insert\" style=\"display:none;\"><\/div><a name=\"bklnk1\" id=\"bklnk1\"><\/a><div id=\"booking_form_div1\" class=\"booking_form_div\"><style type=\"text\/css\">.wpbc_container_booking_form .block_hints, .wpbc_booking_form_simple.wpbc_form_center .wpbc__form__div .wpbc__row.wpbc_r_calendar,  .wpbc_booking_form_simple .wpbc__form__div .wpbc__row:not(.wpbc_r_calendar){max-width:100%;} <\/style>\n<div class=\"wpbc_booking_form_simple \">\n  <div class=\"wpbc_wizard_step wpbc__form__div wpbc_wizard_step1\">\n    <div class=\"wpbc__row\">\n\t\t\t<div style=\"margin-top:0;\" class=\"wpbc__field\"> \n\t<div class=\"wpbc_r_calendar wpbc__row\">\n      <div class=\"wpbc_r_calendar wpbc__field\">  <label for=\"calendar1\">V\u00e4lj datum<\/label><br><div class=\"wpbc_calendar_wraper wpbc_change_over_triangle\"><div class=\"wpbc_cal_container bk_calendar_frame wpbc_no_custom_width  months_num_in_row_ cal_month_num_1\" style=\"\"><div id=\"calendar_booking1\">Kalendern laddas...<\/div><\/div><textarea id=\"date_booking1\" name=\"date_booking1\" autocomplete=\"off\" style=\"display:none;\"><\/textarea><div class=\"block_hints datepick \"><div class=\"wpdev_hint_with_text\"><div class=\"\"><div class=\"datepick-inline wpbc_calendar_legend_table_width_height\"><table class=\"datepick wpbc_calendar\" style=\"\"><tbody><tr><td class=\"datepick-days-cell date_available wpbc_calendar_legend_day_cell_height\"><div class=\"wpbc-cell-box\">\t<div class=\"date-cell-content\">\t\t<div class=\"date-content-top\"><\/div>\t\t<a>&nbsp;<\/a>\t\t<div class=\"date-content-bottom\"><\/div>\t<\/div><\/div><\/td><\/tr><\/tbody><\/table><\/div><\/div><div class=\"block_text\">- <\/div><div class=\"block_text\">Tillg\u00e4nglig<\/div><\/div><div class=\"wpdev_hint_with_text\"><div class=\"\"><div class=\"datepick-inline wpbc_calendar_legend_table_width_height\"><table class=\"datepick wpbc_calendar\" style=\"\"><tbody><tr><td class=\"datepick-days-cell datepick-unselectable date_user_unavailable full_day_booking date_approved wpbc_calendar_legend_day_cell_height\"><div class=\"wpbc-cell-box\">\t<div class=\"date-cell-content\">\t\t<div class=\"date-content-top\"><\/div>\t\t<span>&nbsp;<\/span>\t\t<div class=\"date-content-bottom\"><\/div>\t<\/div><\/div><\/td><\/tr><\/tbody><\/table><\/div><\/div><div class=\"block_text\">- <\/div><div class=\"block_text\">Bokad<\/div><\/div><div class=\"wpdev_hint_with_text\"><div class=\"\"><div class=\"datepick-inline wpbc_calendar_legend_table_width_height\"><table class=\"datepick wpbc_calendar\" style=\"\"><tbody><tr><td class=\"datepick-days-cell datepick-unselectable date_user_unavailable full_day_booking date2approve wpbc_calendar_legend_day_cell_height\"><div class=\"wpbc-cell-box\">\t<div class=\"date-cell-content\">\t\t<div class=\"date-content-top\"><\/div>\t\t<span>&nbsp;<\/span>\t\t<div class=\"date-content-bottom\"><\/div>\t<\/div><\/div><\/td><\/tr><\/tbody><\/table><\/div><\/div><div class=\"block_text\">- <\/div><div class=\"block_text\">Reserverad<\/div><\/div><div class=\"wpdev_hint_with_text\"><div class=\"\"><span class=\" wpbc_change_over_triangle\"><div class=\"datepick-inline wpbc_calendar_legend_table_width_height\"><table class=\"datepick wpbc_calendar\" style=\"\"><tbody><tr><td class=\"datepick-days-cell date_available date2approve timespartly times_clock wpbc_calendar_legend_day_cell_height\"><div class=\"wpbc-cell-box\">\t<div class=\"wpbc-diagonal-el\">\t\t<div class=\"wpbc-co-out\"><svg height=\"100%\" width=\"100%\" viewBox=\"0 0 100 100\" preserveAspectRatio=\"none\"><polygon points=\"0,0 0,99 99,0\"><\/polygon><polygon points=\"0,0 0,100 49,100 49,0\"><\/polygon><\/svg><\/div>\t\t<div class=\"wpbc-co-in\"><svg height=\"100%\" width=\"100%\" viewBox=\"0 0 98 98\" preserveAspectRatio=\"none\"><polygon points=\"0,99 99,99 99,0\"><\/polygon><polygon points=\"50,98 98,98 98,0 50,0\"><\/polygon><\/svg><\/div>\t<\/div>\t<div class=\"date-cell-content\">\t\t<div class=\"date-content-top\"><div class=\"wpbc_time_dots\">\u00b7<\/div><\/div>\t\t<a>&nbsp;<\/a>\t\t<div class=\"date-content-bottom\"><\/div>\t<\/div><\/div><\/td><\/tr><\/tbody><\/table><\/div><\/span><\/div><div class=\"block_text\">- <\/div><div class=\"block_text\">Delvis bokad<\/div><\/div><div class=\"wpdev_hint_with_text\"><div class=\"\"><div class=\"datepick-inline wpbc_calendar_legend_table_width_height\"><table class=\"datepick wpbc_calendar\" style=\"\"><tbody><tr><td class=\"datepick-days-cell datepick-unselectable date_user_unavailable wpbc_calendar_legend_day_cell_height\"><div class=\"wpbc-cell-box\">\t<div class=\"date-cell-content\">\t\t<div class=\"date-content-top\"><\/div>\t\t<span>&nbsp;<\/span>\t\t<div class=\"date-content-bottom\"><\/div>\t<\/div><\/div><\/td><\/tr><\/tbody><\/table><\/div><\/div><div class=\"block_text\">- <\/div><div class=\"block_text\">Ej tillg\u00e4nglig<\/div><\/div><\/div><\/div><\/div>\n\t<\/div>\n\t\t<\/div>\n\t\t\t<div style=\"margin-top:0;\" class=\"wpbc__field\"> \n\t<div class=\"wpbc__row\">\n      <div class=\"wpbc_r_rangetime wpbc__field\">  <label for=\"rangetime1\">V\u00e4lj tid*<\/label><br>   <select name=\"rangetime1\" id=\"rangetime1\" class=\"input-xlarge wpdev-validates-as-required\" >  <option value=\"09:00 - 09:30\" >09:00 - 09:30<\/option>  <option value=\"09:30 - 10:00\" >09:30 - 10:00<\/option>  <option value=\"10:00 - 10:30\" >10:00 - 10:30<\/option>  <option value=\"10:30 - 11:00\" >10:30 - 11:00<\/option>  <option value=\"11:00 - 11:30\" >11:00 - 11:30<\/option>  <option value=\"11:30 - 12:00\" >11:30 - 12:00<\/option>  <option value=\"12:00 - 12:30\" >12:00 - 12:30<\/option>  <option value=\"12:30 - 13:00\" >12:30 - 13:00<\/option>  <option value=\"13:00 - 13:30\" >13:00 - 13:30<\/option>  <option value=\"13:30 - 14:00\" >13:30 - 14:00<\/option>  <option value=\"14:00 - 14:30\" >14:00 - 14:30<\/option>  <option value=\"14:30 - 15:00\" >14:30 - 15:00<\/option>  <option value=\"15:00 - 15:30\" >15:00 - 15:30<\/option>  <option value=\"15:30 - 16:00\" >15:30 - 16:00<\/option>  <option value=\"16:00 - 16:30\" >16:00 - 16:30<\/option>  <option value=\"16:30 - 17:00\" >16:30 - 17:00<\/option>  <option value=\"17:00 - 17:30\" >17:00 - 17:30<\/option>  <option value=\"17:30 - 18:00\" >17:30 - 18:00<\/option>     <\/select><\/div>\n\t<\/div>\n\t\t<\/div>\n\t\t<\/div>\n\t\t<hr><div style=\"flex-flow: row nowrap;\" class=\"wpbc__row\">\n\t\t\t<div style=\"justify-content: flex-end;\" class=\"wpbc__field\">\n     \t\t\t<a class=\"wpbc_button_light wpbc_wizard_step_button wpbc_wizard_step_2\" >\n\t\t\t\tN\u00e4sta\n\t\t\t\t<\/a>\n\t\t\t<\/div>\n\t\t<\/div>\n  <\/div>\n  <div class=\"wpbc_wizard_step wpbc__form__div wpbc_wizard_step2 wpbc_wizard_step_hidden\" style=\"display:none;clear:both;\">\n    <div class=\"wpbc__form__div\">\n\t<div class=\"wpbc__row\">\n      <div class=\"wpbc_r_name wpbc__field\">  <label for=\"name1\">First Name*<\/label><br>   <input type=\"text\" name=\"name1\" id=\"name1\" class=\"input-xlarge wpdev-validates-as-required\" \/><\/div>\n\n      <div class=\"wpbc_r_secondname wpbc__field\">  <label for=\"secondname1\">Last Name*<\/label><br>   <input type=\"text\" name=\"secondname1\" id=\"secondname1\" class=\"input-xlarge wpdev-validates-as-required\" \/><\/div>\n\t<\/div>\n\t<div class=\"wpbc__row\">\n      <div class=\"wpbc_r_email wpbc__field\">  <label for=\"email1\">Email*<\/label><br>   <input type=\"email\" name=\"email1\" id=\"email1\" class=\"input-xlarge wpdev-validates-as-email wpdev-validates-as-required wpdev-validates-as-required\" \/><\/div>\n\n      <div class=\"wpbc_r_phone wpbc__field\">  <label for=\"phone1\">Phone<\/label><br>   <input type=\"text\" name=\"phone1\" id=\"phone1\" class=\"input-xlarge\" \/><\/div>\n\t<\/div>\n\t<div class=\"wpbc__row\">\n      <div class=\"wpbc_r_details wpbc__field\">  <label for=\"details1\">Details<\/label><br>   <textarea  rows=\"3\" name=\"details1\" id=\"details1\" class=\"input-xlarge\" ><\/textarea><\/div>\n\t<\/div>\n    <\/div>\n    <hr><div style=\"flex-flow: row nowrap;\" class=\"wpbc__row\">\n\t\t\t<div style=\"justify-content: flex-start;\" class=\"wpbc__field\">\n     \t\t<a class=\"wpbc_button_light wpbc_wizard_step_button wpbc_wizard_step_1\" >\n\t\t\t\tBack\n\t\t\t\t<\/a>\n\t\t\t<\/div>\n\t\t<div style=\"justify-content: flex-end;\" class=\"wpbc__field\">\n         <button class=\"wpbc_button_light\" type=\"button\" onclick=\"mybooking_submit(this.form,1,'sv_SE');\" >Skicka<\/button>\t\t<\/div>\n    <\/div>\n  <\/div>\n<\/div><input id=\"bk_type1\" name=\"bk_type1\" class=\"\" type=\"hidden\" value=\"1\" \/><\/div><div id=\"submiting1\"><\/div><div class=\"form_bk_messages\" id=\"form_bk_messages1\" ><\/div><input type=\"hidden\" id=\"wpbc_nonceCALCULATE_THE_COST1\" name=\"wpbc_nonceCALCULATE_THE_COST1\" value=\"93a15afe45\" \/><input type=\"hidden\" name=\"_wp_http_referer\" value=\"\/wordpress\/index.php\/wp-json\/wp\/v2\/pages\/45\" \/><\/form><\/div><div id=\"booking_form_garbage1\" class=\"booking_form_garbage\"><\/div><script type=\"text\/javascript\"> (function() { var a = setInterval( function() {  if ( ( 'undefined' === typeof _wpbc ) || ( 'undefined' === typeof jQuery ) || ! window.jQuery ) { return; } clearInterval( a ); jQuery( document ).ready( function (){ jQuery(\".widget_wpdev_booking .booking_form.form-horizontal\").removeClass(\"form-horizontal\");\n                                    var visible_calendars_count = _wpbc.get_other_param( \"calendars__on_this_page\" ).length;\n                                    if (visible_calendars_count !== null ) {\n                                        for (var i=0;i< visible_calendars_count ;i++){\n                                          if ( _wpbc.get_other_param( \"calendars__on_this_page\" )[i] === 1 ) {\n                                              document.getElementById(\"form_id149318835372\").innerHTML = \"<span style='color:#A00;font-size:10px;'>Warning! Booking calendar for this booking resource are already at the page, please check more about this issue at this page: https:\/\/wpbookingcalendar.com\/faq\/why-the-booking-calendar-widget-not-show-on-page\/<\/span>\";                                                                                                  \n                                              jQuery(\"#form_id149318835372\").animate( {opacity: 1}, 10000 ).fadeOut(5000);\n                                              return;\n                                          }\n                                        }\n                                        _wpbc.get_other_param( \"calendars__on_this_page\" )[ visible_calendars_count ]=1;\n                                    } } ); }, 500 ); })();<\/script> <script type=\"text\/javascript\"> (function() { var a = setInterval( function() {  if ( ( 'undefined' === typeof _wpbc ) || ( 'undefined' === typeof jQuery ) || ! window.jQuery ) { return; } clearInterval( a ); jQuery( document ).ready( function (){ _wpbc.balancer__set_max_threads( 3 );  _wpbc.calendar__set_param_value( 1 , 'calendar_scroll_to' , false );  _wpbc.calendar__set_param_value( 1 , 'booking_max_monthes_in_calendar' , '1y' );  _wpbc.calendar__set_param_value( 1 , 'booking_start_day_weeek' , '1' );  _wpbc.calendar__set_param_value( 1 , 'calendar_number_of_months' , '1' );   _wpbc.calendar__set_param_value( 1, 'days_select_mode', 'single' );   _wpbc.calendar__set_param_value( 1, 'fixed__days_num', 0 );   _wpbc.calendar__set_param_value( 1, 'fixed__week_days__start',   [] );   _wpbc.calendar__set_param_value( 1, 'dynamic__days_min', 0 );   _wpbc.calendar__set_param_value( 1, 'dynamic__days_max', 0 );   _wpbc.calendar__set_param_value( 1, 'dynamic__days_specific',    [] );   _wpbc.calendar__set_param_value( 1, 'dynamic__week_days__start', [] );   _wpbc.calendar__set_param_value( 1, 'booking_date_format', 'Y-m-d' );   _wpbc.calendar__set_param_value( 1, 'booking_time_format', 'H:i' );   if ( 'function' === typeof ( wpbc__conditions__SAVE_INITIAL__days_selection_params__bm ) ){ wpbc__conditions__SAVE_INITIAL__days_selection_params__bm( 1 ); }   wpbc_calendar_show( '1' );   _wpbc.set_secure_param( 'nonce',   '402cad679b' );   _wpbc.set_secure_param( 'user_id', '0' );   _wpbc.set_secure_param( 'locale',  'sv_SE' );  wpbc_calendar__load_data__ajx( {\"resource_id\":1,\"booking_hash\":\"\",\"request_uri\":\"\\\/wordpress\\\/index.php\\\/wp-json\\\/wp\\\/v2\\\/pages\\\/45\",\"custom_form\":\"standard\",\"aggregate_resource_id_str\":\"\",\"aggregate_type\":\"all\"} ); } ); }, 500 ); })();<\/script>\n\n\n\n<p>Betalning med Swish eller e-faktura.<\/p>\n\n\n\n<p>Om du bokar \u00e5terbes\u00f6k direkt f\u00e5r du 10% rabatt p\u00e5 den n\u00e4sta st\u00e4mningen.<\/p>\n\n\n\n<p>Vi innehar F-skattsedel. Organisationsnummer 969754-0293.<\/p>\n\n\n\n<p>Stockholms pianost\u00e4mmare\/PJC Aquatic survey HB 076-8905664.<\/p>\n","protected":false},"excerpt":{"rendered":"<p>En st\u00e4mning tar vanligtvis tv\u00e5 timmar. \u00c4r det l\u00e4nge sedan pianot st\u00e4mdes senast kan det kr\u00e4va en tonh\u00f6jdsjustering d\u00e5 det ofta sjunkit n\u00e5got med \u00e5ren. Vi fixar sm\u00e5fel och justeringar utan extra kostnad och ber\u00e4ttar g\u00e4rna vad som kan g\u00f6ras f\u00f6r att instrumentet ska bli s\u00e5 njutbart som m\u00f6jligt att spela p\u00e5. Ett pianos mekanik [&hellip;]<\/p>\n","protected":false},"author":1,"featured_media":0,"parent":0,"menu_order":0,"comment_status":"closed","ping_status":"closed","template":"","meta":{"footnotes":""},"class_list":["post-45","page","type-page","status-publish","hentry"],"_links":{"self":[{"href":"https:\/\/440hz.se\/wordpress\/index.php\/wp-json\/wp\/v2\/pages\/45","targetHints":{"allow":["GET"]}}],"collection":[{"href":"https:\/\/440hz.se\/wordpress\/index.php\/wp-json\/wp\/v2\/pages"}],"about":[{"href":"https:\/\/440hz.se\/wordpress\/index.php\/wp-json\/wp\/v2\/types\/page"}],"author":[{"embeddable":true,"href":"https:\/\/440hz.se\/wordpress\/index.php\/wp-json\/wp\/v2\/users\/1"}],"replies":[{"embeddable":true,"href":"https:\/\/440hz.se\/wordpress\/index.php\/wp-json\/wp\/v2\/comments?post=45"}],"version-history":[{"count":5,"href":"https:\/\/440hz.se\/wordpress\/index.php\/wp-json\/wp\/v2\/pages\/45\/revisions"}],"predecessor-version":[{"id":61,"href":"https:\/\/440hz.se\/wordpress\/index.php\/wp-json\/wp\/v2\/pages\/45\/revisions\/61"}],"wp:attachment":[{"href":"https:\/\/440hz.se\/wordpress\/index.php\/wp-json\/wp\/v2\/media?parent=45"}],"curies":[{"name":"wp","href":"https:\/\/api.w.org\/{rel}","templated":true}]}}